{"id":46,"date":"2021-03-04T08:20:34","date_gmt":"2021-03-04T08:20:34","guid":{"rendered":"https:\/\/pc-corpataux.ch\/wp\/?page_id=46"},"modified":"2025-04-01T18:59:38","modified_gmt":"2025-04-01T18:59:38","slug":"membre","status":"publish","type":"page","link":"https:\/\/pc-corpataux.ch\/wp\/membre\/","title":{"rendered":"Membres"},"content":{"rendered":"\n<div class=\"wp-block-columns is-layout-flex wp-container-core-columns-is-layout-9d6595d7 wp-block-columns-is-layout-flex\">\n<div class=\"wp-block-column is-layout-flow wp-block-column-is-layout-flow\">\n<div class=\"wp-block-media-text alignwide is-stacked-on-mobile\"><figure class=\"wp-block-media-text__media\"><img loading=\"lazy\" decoding=\"async\" width=\"600\" height=\"600\" src=\"https:\/\/pc-corpataux.ch\/wp\/wp-content\/uploads\/2021\/03\/fredy-600x600-1.jpg\" alt=\"Fredy\" class=\"wp-image-98 size-full\" srcset=\"https:\/\/pc-corpataux.ch\/wp\/wp-content\/uploads\/2021\/03\/fredy-600x600-1.jpg 600w, https:\/\/pc-corpataux.ch\/wp\/wp-content\/uploads\/2021\/03\/fredy-600x600-1-300x300.jpg 300w, https:\/\/pc-corpataux.ch\/wp\/wp-content\/uploads\/2021\/03\/fredy-600x600-1-150x150.jpg 150w, https:\/\/pc-corpataux.ch\/wp\/wp-content\/uploads\/2021\/03\/fredy-600x600-1-480x480.jpg 480w\" sizes=\"auto, (max-width: 600px) 100vw, 600px\" \/><\/figure><div class=\"wp-block-media-text__content\">\n<p class=\"has-large-font-size\">Fredy Berger<\/p>\n\n\n\n<p>Pr\u00e9sident<\/p>\n<\/div><\/div>\n<\/div>\n\n\n\n<div class=\"wp-block-column is-layout-flow wp-block-column-is-layout-flow\">\n<div class=\"wp-block-media-text alignwide is-stacked-on-mobile\"><figure class=\"wp-block-media-text__media\"><img loading=\"lazy\" decoding=\"async\" width=\"914\" height=\"949\" src=\"https:\/\/pc-corpataux.ch\/wp\/wp-content\/uploads\/2024\/07\/andre-magne-secretaire.jpeg\" alt=\"\" class=\"wp-image-298 size-full\" srcset=\"https:\/\/pc-corpataux.ch\/wp\/wp-content\/uploads\/2024\/07\/andre-magne-secretaire.jpeg 914w, https:\/\/pc-corpataux.ch\/wp\/wp-content\/uploads\/2024\/07\/andre-magne-secretaire-289x300.jpeg 289w, https:\/\/pc-corpataux.ch\/wp\/wp-content\/uploads\/2024\/07\/andre-magne-secretaire-768x797.jpeg 768w, https:\/\/pc-corpataux.ch\/wp\/wp-content\/uploads\/2024\/07\/andre-magne-secretaire-58x60.jpeg 58w\" sizes=\"auto, (max-width: 914px) 100vw, 914px\" \/><\/figure><div class=\"wp-block-media-text__content\">\n<p class=\"has-large-font-size\">Andr\u00e9 Magne<\/p>\n\n\n\n<p>Secr\u00e9taire<\/p>\n<\/div><\/div>\n<\/div>\n<\/div>\n\n\n\n<div class=\"wp-block-columns is-layout-flex wp-container-core-columns-is-layout-9d6595d7 wp-block-columns-is-layout-flex\">\n<div class=\"wp-block-column is-layout-flow wp-block-column-is-layout-flow\">\n<div class=\"wp-block-media-text alignwide is-stacked-on-mobile\"><figure class=\"wp-block-media-text__media\"><img loading=\"lazy\" decoding=\"async\" width=\"150\" height=\"150\" src=\"https:\/\/pc-corpataux.ch\/wp\/wp-content\/uploads\/2021\/03\/defaut-m.png\" alt=\"\" class=\"wp-image-124 size-full\"\/><\/figure><div class=\"wp-block-media-text__content\">\n<p class=\"has-large-font-size\">Yvan Zimmermann<\/p>\n\n\n\n<p>Membre du Comit\u00e9 Entraineur et tireur \u00e9lite<\/p>\n<\/div><\/div>\n<\/div>\n\n\n\n<div class=\"wp-block-column is-layout-flow wp-block-column-is-layout-flow\">\n<div class=\"wp-block-media-text alignwide is-stacked-on-mobile\"><figure class=\"wp-block-media-text__media\"><img loading=\"lazy\" decoding=\"async\" width=\"900\" height=\"986\" src=\"https:\/\/pc-corpataux.ch\/wp\/wp-content\/uploads\/2024\/07\/adrien-money-mc-te.jpeg\" alt=\"\" class=\"wp-image-301 size-full\" srcset=\"https:\/\/pc-corpataux.ch\/wp\/wp-content\/uploads\/2024\/07\/adrien-money-mc-te.jpeg 900w, https:\/\/pc-corpataux.ch\/wp\/wp-content\/uploads\/2024\/07\/adrien-money-mc-te-274x300.jpeg 274w, https:\/\/pc-corpataux.ch\/wp\/wp-content\/uploads\/2024\/07\/adrien-money-mc-te-768x841.jpeg 768w, https:\/\/pc-corpataux.ch\/wp\/wp-content\/uploads\/2024\/07\/adrien-money-mc-te-55x60.jpeg 55w\" sizes=\"auto, (max-width: 900px) 100vw, 900px\" \/><\/figure><div class=\"wp-block-media-text__content\">\n<p class=\"has-large-font-size\">Adrien Monney<\/p>\n\n\n\n<p>Membre du Comit\u00e9 Tireur \u00e9lite<\/p>\n<\/div><\/div>\n<\/div>\n<\/div>\n\n\n\n<div class=\"wp-block-columns is-layout-flex wp-container-core-columns-is-layout-9d6595d7 wp-block-columns-is-layout-flex\">\n<div class=\"wp-block-column is-layout-flow wp-block-column-is-layout-flow\">\n<div class=\"wp-block-media-text alignwide is-stacked-on-mobile\"><figure class=\"wp-block-media-text__media\"><img loading=\"lazy\" decoding=\"async\" width=\"962\" height=\"968\" src=\"https:\/\/pc-corpataux.ch\/wp\/wp-content\/uploads\/2024\/07\/adrien-sauteur-ct-te.jpeg\" alt=\"\" class=\"wp-image-300 size-full\" srcset=\"https:\/\/pc-corpataux.ch\/wp\/wp-content\/uploads\/2024\/07\/adrien-sauteur-ct-te.jpeg 962w, https:\/\/pc-corpataux.ch\/wp\/wp-content\/uploads\/2024\/07\/adrien-sauteur-ct-te-298x300.jpeg 298w, https:\/\/pc-corpataux.ch\/wp\/wp-content\/uploads\/2024\/07\/adrien-sauteur-ct-te-150x150.jpeg 150w, https:\/\/pc-corpataux.ch\/wp\/wp-content\/uploads\/2024\/07\/adrien-sauteur-ct-te-768x773.jpeg 768w, https:\/\/pc-corpataux.ch\/wp\/wp-content\/uploads\/2024\/07\/adrien-sauteur-ct-te-60x60.jpeg 60w\" sizes=\"auto, (max-width: 962px) 100vw, 962px\" \/><\/figure><div class=\"wp-block-media-text__content\">\n<p class=\"has-large-font-size\">Adrien Sauteur<\/p>\n\n\n\n<p>Membre du comit\u00e9 Chef de Tir et Tireur \u00e9lite<\/p>\n<\/div><\/div>\n<\/div>\n\n\n\n<div class=\"wp-block-column is-layout-flow wp-block-column-is-layout-flow\">\n<div class=\"wp-block-media-text alignwide is-stacked-on-mobile\"><figure class=\"wp-block-media-text__media\"><img loading=\"lazy\" decoding=\"async\" width=\"844\" height=\"897\" src=\"https:\/\/pc-corpataux.ch\/wp\/wp-content\/uploads\/2024\/07\/lionnel-castella-te.jpeg\" alt=\"\" class=\"wp-image-296 size-full\" srcset=\"https:\/\/pc-corpataux.ch\/wp\/wp-content\/uploads\/2024\/07\/lionnel-castella-te.jpeg 844w, https:\/\/pc-corpataux.ch\/wp\/wp-content\/uploads\/2024\/07\/lionnel-castella-te-282x300.jpeg 282w, https:\/\/pc-corpataux.ch\/wp\/wp-content\/uploads\/2024\/07\/lionnel-castella-te-768x816.jpeg 768w, https:\/\/pc-corpataux.ch\/wp\/wp-content\/uploads\/2024\/07\/lionnel-castella-te-56x60.jpeg 56w\" sizes=\"auto, (max-width: 844px) 100vw, 844px\" \/><\/figure><div class=\"wp-block-media-text__content\">\n<p class=\"has-large-font-size\">Lionel Castella<\/p>\n\n\n\n<p>Tireur \u00e9lite<\/p>\n<\/div><\/div>\n<\/div>\n<\/div>\n\n\n\n<div class=\"wp-block-columns is-layout-flex wp-container-core-columns-is-layout-9d6595d7 wp-block-columns-is-layout-flex\">\n<div class=\"wp-block-column is-layout-flow wp-block-column-is-layout-flow\">\n<div class=\"wp-block-media-text alignwide is-stacked-on-mobile\"><figure class=\"wp-block-media-text__media\"><img loading=\"lazy\" decoding=\"async\" width=\"600\" height=\"600\" src=\"https:\/\/pc-corpataux.ch\/wp\/wp-content\/uploads\/2021\/03\/jasmine-600x600-1.jpg\" alt=\"\" class=\"wp-image-100 size-full\" srcset=\"https:\/\/pc-corpataux.ch\/wp\/wp-content\/uploads\/2021\/03\/jasmine-600x600-1.jpg 600w, https:\/\/pc-corpataux.ch\/wp\/wp-content\/uploads\/2021\/03\/jasmine-600x600-1-300x300.jpg 300w, https:\/\/pc-corpataux.ch\/wp\/wp-content\/uploads\/2021\/03\/jasmine-600x600-1-150x150.jpg 150w, https:\/\/pc-corpataux.ch\/wp\/wp-content\/uploads\/2021\/03\/jasmine-600x600-1-480x480.jpg 480w\" sizes=\"auto, (max-width: 600px) 100vw, 600px\" \/><\/figure><div class=\"wp-block-media-text__content\">\n<p class=\"has-large-font-size\">Jasmine Francey<\/p>\n\n\n\n<p>Tireuse \u00e9lite<\/p>\n<\/div><\/div>\n<\/div>\n\n\n\n<div class=\"wp-block-column is-layout-flow wp-block-column-is-layout-flow\">\n<div class=\"wp-block-media-text alignwide is-stacked-on-mobile\"><figure class=\"wp-block-media-text__media\"><img loading=\"lazy\" decoding=\"async\" width=\"769\" height=\"963\" src=\"https:\/\/pc-corpataux.ch\/wp\/wp-content\/uploads\/2024\/07\/sebastien-czachor-te.jpeg\" alt=\"\" class=\"wp-image-297 size-full\" srcset=\"https:\/\/pc-corpataux.ch\/wp\/wp-content\/uploads\/2024\/07\/sebastien-czachor-te.jpeg 769w, https:\/\/pc-corpataux.ch\/wp\/wp-content\/uploads\/2024\/07\/sebastien-czachor-te-240x300.jpeg 240w, https:\/\/pc-corpataux.ch\/wp\/wp-content\/uploads\/2024\/07\/sebastien-czachor-te-48x60.jpeg 48w\" sizes=\"auto, (max-width: 769px) 100vw, 769px\" \/><\/figure><div class=\"wp-block-media-text__content\">\n<p class=\"has-large-font-size\">Sebastien Czachor<\/p>\n\n\n\n<p>Tireur \u00e9lite<\/p>\n<\/div><\/div>\n<\/div>\n<\/div>\n\n\n\n<div class=\"wp-block-columns is-layout-flex wp-container-core-columns-is-layout-9d6595d7 wp-block-columns-is-layout-flex\">\n<div class=\"wp-block-column is-layout-flow wp-block-column-is-layout-flow\">\n<div class=\"wp-block-media-text alignwide is-stacked-on-mobile\"><figure class=\"wp-block-media-text__media\"><img loading=\"lazy\" decoding=\"async\" width=\"1024\" height=\"943\" src=\"https:\/\/pc-corpataux.ch\/wp\/wp-content\/uploads\/2024\/07\/etienne-jacquat-ma-1024x943.jpeg\" alt=\"\" class=\"wp-image-295 size-full\" srcset=\"https:\/\/pc-corpataux.ch\/wp\/wp-content\/uploads\/2024\/07\/etienne-jacquat-ma-1024x943.jpeg 1024w, https:\/\/pc-corpataux.ch\/wp\/wp-content\/uploads\/2024\/07\/etienne-jacquat-ma-300x276.jpeg 300w, https:\/\/pc-corpataux.ch\/wp\/wp-content\/uploads\/2024\/07\/etienne-jacquat-ma-768x707.jpeg 768w, https:\/\/pc-corpataux.ch\/wp\/wp-content\/uploads\/2024\/07\/etienne-jacquat-ma.jpeg 1052w\" sizes=\"auto, (max-width: 1024px) 100vw, 1024px\" \/><\/figure><div class=\"wp-block-media-text__content\">\n<p class=\"has-large-font-size\">Etienne Jacquat<\/p>\n\n\n\n<p>Tireur \u00e9lite<\/p>\n<\/div><\/div>\n<\/div>\n\n\n\n<div class=\"wp-block-column is-layout-flow wp-block-column-is-layout-flow\">\n<div class=\"wp-block-media-text alignwide is-stacked-on-mobile\"><figure class=\"wp-block-media-text__media\"><img loading=\"lazy\" decoding=\"async\" width=\"150\" height=\"150\" src=\"https:\/\/pc-corpataux.ch\/wp\/wp-content\/uploads\/2021\/03\/defaut-m.png\" alt=\"\" class=\"wp-image-124 size-full\"\/><\/figure><div class=\"wp-block-media-text__content\">\n<p class=\"has-large-font-size\">Yann Grand<\/p>\n\n\n\n<p>Tireur \u00e9lite<\/p>\n<\/div><\/div>\n<\/div>\n<\/div>\n\n\n\n\n<div class=\"wp-block-columns is-layout-flex wp-container-core-columns-is-layout-9d6595d7 wp-block-columns-is-layout-flex\">\n<div class=\"wp-block-column is-layout-flow wp-block-column-is-layout-flow\">\n<div class=\"wp-block-media-text alignwide is-stacked-on-mobile\"><figure class=\"wp-block-media-text__media\"><img loading=\"lazy\" decoding=\"async\" width=\"150\" height=\"150\" src=\"https:\/\/pc-corpataux.ch\/wp\/wp-content\/uploads\/2021\/03\/defaut-m.png\" alt=\"\" class=\"wp-image-124 size-full\"\/><\/figure><div class=\"wp-block-media-text__content\">\n<p class=\"has-large-font-size\">Julien Grand<\/p>\n\n\n\n<p>Tireur \u00e9lite<\/p>\n<\/div><\/div>\n<\/div>\n\n\n\n<div class=\"wp-block-column is-layout-flow wp-block-column-is-layout-flow\">\n<div class=\"wp-block-media-text alignwide is-stacked-on-mobile\"><figure class=\"wp-block-media-text__media\"><img loading=\"lazy\" decoding=\"async\" width=\"150\" height=\"150\" src=\"https:\/\/pc-corpataux.ch\/wp\/wp-content\/uploads\/2021\/03\/defaut-m.png\" alt=\"\" class=\"wp-image-124 size-full\"\/><\/figure><div class=\"wp-block-media-text__content\">\n<p class=\"has-large-font-size\">Johann Schnyder<\/p>\n\n\n\n<p>Tireur junior<\/p>\n<\/div><\/div>\n<\/div>\n<\/div>\n\n\n\n<div class=\"wp-block-columns is-layout-flex wp-container-core-columns-is-layout-9d6595d7 wp-block-columns-is-layout-flex\">\n<div class=\"wp-block-column is-layout-flow wp-block-column-is-layout-flow\">\n<div class=\"wp-block-media-text alignwide is-stacked-on-mobile\"><figure class=\"wp-block-media-text__media\"><img loading=\"lazy\" decoding=\"async\" width=\"150\" height=\"150\" src=\"https:\/\/pc-corpataux.ch\/wp\/wp-content\/uploads\/2021\/03\/defaut-m.png\" alt=\"\" class=\"wp-image-124 size-full\"\/><\/figure><div class=\"wp-block-media-text__content\">\n<p class=\"has-large-font-size\">Michel Grand<\/p>\n\n\n\n<p>Tireur v\u00e9t\u00e9ran<\/p>\n<\/div><\/div>\n<\/div>\n\n\n\n<div class=\"wp-block-column is-layout-flow wp-block-column-is-layout-flow\">\n<div class=\"wp-block-media-text alignwide is-stacked-on-mobile\"><figure class=\"wp-block-media-text__media\"><img loading=\"lazy\" decoding=\"async\" width=\"1004\" height=\"980\" src=\"https:\/\/pc-corpataux.ch\/wp\/wp-content\/uploads\/2024\/07\/daniel-barraas-te-1.jpeg\" alt=\"\" class=\"wp-image-302 size-full\" srcset=\"https:\/\/pc-corpataux.ch\/wp\/wp-content\/uploads\/2024\/07\/daniel-barraas-te-1.jpeg 1004w, https:\/\/pc-corpataux.ch\/wp\/wp-content\/uploads\/2024\/07\/daniel-barraas-te-1-300x293.jpeg 300w, https:\/\/pc-corpataux.ch\/wp\/wp-content\/uploads\/2024\/07\/daniel-barraas-te-1-768x750.jpeg 768w, https:\/\/pc-corpataux.ch\/wp\/wp-content\/uploads\/2024\/07\/daniel-barraas-te-1-61x60.jpeg 61w\" sizes=\"auto, (max-width: 1004px) 100vw, 1004px\" \/><\/figure><div class=\"wp-block-media-text__content\">\n<p class=\"has-large-font-size\">Daniel Barras<\/p>\n\n\n\n<p>Tireur v\u00e9t\u00e9ran<\/p>\n<\/div><\/div>\n<\/div>\n<\/div>\n\n\n\n<div class=\"wp-block-columns is-layout-flex wp-container-core-columns-is-layout-9d6595d7 wp-block-columns-is-layout-flex\">\n<div class=\"wp-block-column is-layout-flow wp-block-column-is-layout-flow\"><\/div>\n\n\n\n<div class=\"wp-block-column is-layout-flow wp-block-column-is-layout-flow\"><\/div>\n<\/div>\n\n\n\n<div class=\"wp-block-columns is-layout-flex wp-container-core-columns-is-layout-9d6595d7 wp-block-columns-is-layout-flex\">\n<div class=\"wp-block-column is-layout-flow wp-block-column-is-layout-flow\">\n<div class=\"wp-block-media-text alignwide is-stacked-on-mobile\"><figure class=\"wp-block-media-text__media\"><img loading=\"lazy\" decoding=\"async\" width=\"150\" height=\"150\" src=\"https:\/\/pc-corpataux.ch\/wp\/wp-content\/uploads\/2021\/03\/defaut-m.png\" alt=\"\" class=\"wp-image-124 size-full\"\/><\/figure><div class=\"wp-block-media-text__content\">\n<p class=\"has-large-font-size\">Francey S\u00e9bastien<\/p>\n\n\n\n<p>Membre<\/p>\n<\/div><\/div>\n<\/div>\n\n\n\n<div class=\"wp-block-column is-layout-flow wp-block-column-is-layout-flow\">\n<div class=\"wp-block-media-text alignwide is-stacked-on-mobile\"><figure class=\"wp-block-media-text__media\"><img loading=\"lazy\" decoding=\"async\" width=\"150\" height=\"150\" src=\"https:\/\/pc-corpataux.ch\/wp\/wp-content\/uploads\/2021\/03\/defaut-m.png\" alt=\"\" class=\"wp-image-124 size-full\"\/><\/figure><div class=\"wp-block-media-text__content\">\n<p class=\"has-large-font-size\">Joseph Sauteur<\/p>\n\n\n\n<p>Membre<\/p>\n<\/div><\/div>\n<\/div>\n<\/div>\n\n\n\n<div class=\"wp-block-columns is-layout-flex wp-container-core-columns-is-layout-9d6595d7 wp-block-columns-is-layout-flex\">\n<div class=\"wp-block-column is-layout-flow wp-block-column-is-layout-flow\">\n<div class=\"wp-block-media-text alignwide is-stacked-on-mobile\"><figure class=\"wp-block-media-text__media\"><img loading=\"lazy\" decoding=\"async\" width=\"1024\" height=\"883\" src=\"https:\/\/pc-corpataux.ch\/wp\/wp-content\/uploads\/2024\/07\/jean-pierre-zimmerman-cassier-1-1024x883.jpeg\" alt=\"\" class=\"wp-image-304 size-full\" srcset=\"https:\/\/pc-corpataux.ch\/wp\/wp-content\/uploads\/2024\/07\/jean-pierre-zimmerman-cassier-1-1024x883.jpeg 1024w, https:\/\/pc-corpataux.ch\/wp\/wp-content\/uploads\/2024\/07\/jean-pierre-zimmerman-cassier-1-300x259.jpeg 300w, https:\/\/pc-corpataux.ch\/wp\/wp-content\/uploads\/2024\/07\/jean-pierre-zimmerman-cassier-1-768x662.jpeg 768w, https:\/\/pc-corpataux.ch\/wp\/wp-content\/uploads\/2024\/07\/jean-pierre-zimmerman-cassier-1.jpeg 1102w\" sizes=\"auto, (max-width: 1024px) 100vw, 1024px\" \/><\/figure><div class=\"wp-block-media-text__content\">\n<p class=\"has-large-font-size\">Jean-Pierre Zimmermann<\/p>\n\n\n\n<p>Membre<\/p>\n<\/div><\/div>\n<\/div>\n\n\n\n<div class=\"wp-block-column is-layout-flow wp-block-column-is-layout-flow\"><\/div>\n<\/div>\n\n\n\n\n<p><\/p>\n","protected":false},"excerpt":{"rendered":"<p>Fredy Berger Pr\u00e9sident Andr\u00e9 Magne Secr\u00e9taire Yvan Zimmermann Membre du Comit\u00e9 Entraineur et tireur \u00e9lite Adrien Monney Membre du Comit\u00e9 Tireur \u00e9lite Adrien Sauteur Membre du comit\u00e9 Chef de Tir et Tireur \u00e9lite Lionel Castella Tireur \u00e9lite Jasmine Francey Tireuse \u00e9lite Sebastien Czachor Tireur \u00e9lite Etienne Jacquat Tireur \u00e9lite Yann Grand Tireur \u00e9lite<\/p>\n","protected":false},"author":1,"featured_media":176,"parent":0,"menu_order":0,"comment_status":"closed","ping_status":"closed","template":"","meta":{"pagelayer_contact_templates":[],"_pagelayer_content":"","footnotes":""},"class_list":["post-46","page","type-page","status-publish","has-post-thumbnail","hentry"],"_links":{"self":[{"href":"https:\/\/pc-corpataux.ch\/wp\/wp-json\/wp\/v2\/pages\/46","targetHints":{"allow":["GET"]}}],"collection":[{"href":"https:\/\/pc-corpataux.ch\/wp\/wp-json\/wp\/v2\/pages"}],"about":[{"href":"https:\/\/pc-corpataux.ch\/wp\/wp-json\/wp\/v2\/types\/page"}],"author":[{"embeddable":true,"href":"https:\/\/pc-corpataux.ch\/wp\/wp-json\/wp\/v2\/users\/1"}],"replies":[{"embeddable":true,"href":"https:\/\/pc-corpataux.ch\/wp\/wp-json\/wp\/v2\/comments?post=46"}],"version-history":[{"count":29,"href":"https:\/\/pc-corpataux.ch\/wp\/wp-json\/wp\/v2\/pages\/46\/revisions"}],"predecessor-version":[{"id":341,"href":"https:\/\/pc-corpataux.ch\/wp\/wp-json\/wp\/v2\/pages\/46\/revisions\/341"}],"wp:featuredmedia":[{"embeddable":true,"href":"https:\/\/pc-corpataux.ch\/wp\/wp-json\/wp\/v2\/media\/176"}],"wp:attachment":[{"href":"https:\/\/pc-corpataux.ch\/wp\/wp-json\/wp\/v2\/media?parent=46"}],"curies":[{"name":"wp","href":"https:\/\/api.w.org\/{rel}","templated":true}]}}